{"id":2081,"date":"2017-06-05T13:27:14","date_gmt":"2017-06-05T12:27:14","guid":{"rendered":"http:\/\/drum.ie\/?page_id=2081"},"modified":"2023-09-25T00:48:46","modified_gmt":"2023-09-24T23:48:46","slug":"facilities","status":"publish","type":"page","link":"http:\/\/drum.ie\/ga\/ionad-pobail-an-droma\/aiseanna\/","title":{"rendered":"\u00c1iseanna"},"content":{"rendered":"<p class=\"qtranxs-available-languages-message qtranxs-available-languages-message-ga\">N\u00edl an leathanach seo ar f\u00e1il as Gaeilge, ach t\u00e1 s\u00e9 ar f\u00e1il as <a href=\"http:\/\/drum.ie\/en\/wp-json\/wp\/v2\/pages\/2081\" class=\"qtranxs-available-language-link qtranxs-available-language-link-en\" title=\"English\">English<\/a>. For the sake of viewer convenience, the content is shown below in the alternative language. You may click the link to switch the active language.<\/p><p><\/p>\n<div class=\"entry-content\">\n<div>\n<h3>What facilities have we?<\/h3>\n<p>Our facilities include:<\/p>\n<ul>\n<li>full size sports hall with stage\n<ul>\n<li>changing rooms<\/li>\n<li>showers (on request)<\/li>\n<\/ul>\n<\/li>\n<li>meeting and training rooms (note: all are accessible by stairs only)\n<ul>\n<li>Room 1 including kitchenette (tea\/coffee making facilties)<\/li>\n<li>Room 2 \/ Lounge<\/li>\n<li>Room 3 \/ large general purpose room (former snooker room)<\/li>\n<\/ul>\n<\/li>\n<\/ul>\n<\/div>\n<div>\n<p>The lounge is ideal for meetings, workshops, training courses, etc. The former snooker room is ideal for classes, martial arts, yoga, aerobics, Irish dancing, etc.<\/p>\n<p>The kitchenette features tea\/coffee making facilities including kettle, boiler, microwave, fridge, cups, saucers, plates, cutlery etc. (Tea\/coffee\/milk\/sugar not provided)<\/p>\n<p><span style=\"font-size: 1.125em;\">Dimensions\/Capacity:<\/span><\/p>\n<\/div>\n<div>\n<h4>Main Hall<\/h4>\n<p>Dimensions:\u00a0 17.68m x 24.69m. Max capacity: 400 (subject to confirmation depending on event type). Stage Opening Width: 7.6m<br \/>\n<iframe loading=\"lazy\" style=\"border: 0;\" src=\"https:\/\/www.google.com\/maps\/embed?pb=!4v1682205481391!6m8!1m7!1sCAoSLEFGMVFpcE9pU09OWHFpQWRwS014bjZuOXNWT0IwbGZVTjllOWpwa1ZOd0ZF!2m2!1d53.4112306!2d-7.989541699999999!3f80!4f0!5f0.7820865974627469\" width=\"400\" height=\"300\" allowfullscreen=\"allowfullscreen\"><\/iframe><\/p>\n<h4>Meeting Room 1 (with kitchenette)<\/h4>\n<p>Dimensions: 6.4m x 5.7m. Max capacity: 15.<\/p>\n<h4>Meeting Room 2 (Lounge)<\/h4>\n<p>Dimensions: 8.8m x 5.7m. Max capacity: 25.<br \/>\n<iframe loading=\"lazy\" style=\"border: 0;\" src=\"https:\/\/www.google.com\/maps\/embed?pb=!4v1682205458206!6m8!1m7!1sCAoSLEFGMVFpcE45VnRiLU05T09XZ3ppb25WUmVZNWRmaGlJSVBOM2dJU0ZHVkoz!2m2!1d53.41135!2d-7.9893028!3f40!4f10!5f0.7820865974627469\" width=\"400\" height=\"300\" allowfullscreen=\"allowfullscreen\"><\/iframe><\/p>\n<h4>Meeting Room 3 (Former Snooker Room)<\/h4>\n<p>Dimensions: 5.25m x 11.9m. Max capacity: 40.<br \/>\n<iframe loading=\"lazy\" style=\"border: 0;\" src=\"https:\/\/www.google.com\/maps\/embed?pb=!4v1682205260688!6m8!1m7!1sCAoSLEFGMVFpcE4wd0ozbkttcU1XS3NGbWhxRmlkRFJGSGMzQjF0V2dnVzF1U2df!2m2!1d53.41115!2d-7.98875!3f340!4f10!5f0.7820865974627469\" width=\"400\" height=\"300\" allowfullscreen=\"allowfullscreen\"><\/iframe><\/p>\n<\/div>\n<h3>Availability &amp; Bookings<\/h3>\n<p>The sports hall availability may be limited at certain times. Generally, weekday bookings are per hour from 6pm-11pm, Monday to Friday evenings, and from 9am to 9pm at weekends. Some time slots are reserved for long-term\/repeat bookings. We will always do our best to accommodate booking requests where possible but please note we are volunteers and do not have any paid staff.\u00a0 Some events may require consent of the board before booking can be taken\/confirmed. Also, please note that all of our meeting rooms are upstairs. We offer very competitive rates for use of facilities, please contact us for more details.<\/p>\n<div>\n<p><img loading=\"lazy\" decoding=\"async\" class=\"aligncenter size-large wp-image-2233\" src=\"http:\/\/drum.ie\/wp-content\/uploads\/2019\/03\/Drum-exterior-20180930_114616-e1552840406441-1024x576.jpg\" alt=\"\" width=\"640\" height=\"360\" srcset=\"http:\/\/drum.ie\/wp-content\/uploads\/2019\/03\/Drum-exterior-20180930_114616-e1552840406441-1024x576.jpg 1024w, http:\/\/drum.ie\/wp-content\/uploads\/2019\/03\/Drum-exterior-20180930_114616-e1552840406441-300x169.jpg 300w, http:\/\/drum.ie\/wp-content\/uploads\/2019\/03\/Drum-exterior-20180930_114616-e1552840406441-768x432.jpg 768w\" sizes=\"auto, (max-width: 640px) 100vw, 640px\" \/><br \/>\n<img loading=\"lazy\" decoding=\"async\" class=\"aligncenter wp-image-2231 size-large\" src=\"http:\/\/drum.ie\/wp-content\/uploads\/2019\/03\/Drum-interior-20180930_120051-1024x576.jpg\" alt=\"\" width=\"640\" height=\"360\" srcset=\"http:\/\/drum.ie\/wp-content\/uploads\/2019\/03\/Drum-interior-20180930_120051-1024x576.jpg 1024w, http:\/\/drum.ie\/wp-content\/uploads\/2019\/03\/Drum-interior-20180930_120051-300x169.jpg 300w, http:\/\/drum.ie\/wp-content\/uploads\/2019\/03\/Drum-interior-20180930_120051-768x432.jpg 768w\" sizes=\"auto, (max-width: 640px) 100vw, 640px\" \/><\/p>\n<\/div>\n<\/div>\n<h3>Who uses our facilities?<\/h3>\n<p>Drum Community Centre provides sports facilities to various clubs and groups in the Athlone area, as well as providing a venue for other social meetings, including weekly bingo! Some of the groups who use or have used our facilities include:<\/p>\n<ul>\n<li>Col\u00e1iste Chiar\u00e1in, Summerhill<\/li>\n<li>St. Joseph\u2019s N.S. Summerhill;<\/li>\n<li>Athlone Basketball Club;<\/li>\n<li>Bower Buzzer Basketball Club;<\/li>\n<li>Athlone Special Olympics Club;<\/li>\n<li>St. Ronan\u2019s Athletics Club;<\/li>\n<li>Drum Badminton group;<\/li>\n<li>St. Joseph\u2019s Soccer Club;<\/li>\n<li>Clann na nGael GAA Club;<\/li>\n<li>Westwood Soccer;<\/li>\n<li>C.I.E. Soccer;<\/li>\n<li>Indoor Hockey;<\/li>\n<li>Creative &amp; Development Workshops;<\/li>\n<li>Athlone Table Tennis Club;<\/li>\n<li>Drum Bingo;<\/li>\n<li>Drum I.C.A.;<\/li>\n<li>Drum Community Games;<\/li>\n<li>Tubberclaire Community Games;<\/li>\n<li>\u2026and many more groups.<\/li>\n<\/ul>\n<p><\/p>","protected":false},"excerpt":{"rendered":"<p>N\u00edl an leathanach seo ar f\u00e1il as Gaeilge, ach t\u00e1 s\u00e9 ar f\u00e1il as English. For the sake of viewer convenience, the content is shown below in the alternative language. You may click the link to switch the active language. What facilities have we? Our facilities include: full size sports hall with stage changing rooms&#8230;  <a class=\"excerpt-read-more\" href=\"http:\/\/drum.ie\/ga\/ionad-pobail-an-droma\/aiseanna\/\" title=\"Read \u00c1iseanna\">Read more<\/a><\/p>\n","protected":false},"author":1,"featured_media":0,"parent":1919,"menu_order":0,"comment_status":"closed","ping_status":"closed","template":"","meta":{"_acf_changed":false,"_exactmetrics_skip_tracking":false,"_exactmetrics_sitenote_active":false,"_exactmetrics_sitenote_note":"","_exactmetrics_sitenote_category":0,"footnotes":""},"class_list":["post-2081","page","type-page","status-publish","hentry"],"acf":[],"_links":{"self":[{"href":"http:\/\/drum.ie\/ga\/wp-json\/wp\/v2\/pages\/2081","targetHints":{"allow":["GET"]}}],"collection":[{"href":"http:\/\/drum.ie\/ga\/wp-json\/wp\/v2\/pages"}],"about":[{"href":"http:\/\/drum.ie\/ga\/wp-json\/wp\/v2\/types\/page"}],"author":[{"embeddable":true,"href":"http:\/\/drum.ie\/ga\/wp-json\/wp\/v2\/users\/1"}],"replies":[{"embeddable":true,"href":"http:\/\/drum.ie\/ga\/wp-json\/wp\/v2\/comments?post=2081"}],"version-history":[{"count":7,"href":"http:\/\/drum.ie\/ga\/wp-json\/wp\/v2\/pages\/2081\/revisions"}],"predecessor-version":[{"id":2469,"href":"http:\/\/drum.ie\/ga\/wp-json\/wp\/v2\/pages\/2081\/revisions\/2469"}],"up":[{"embeddable":true,"href":"http:\/\/drum.ie\/ga\/wp-json\/wp\/v2\/pages\/1919"}],"wp:attachment":[{"href":"http:\/\/drum.ie\/ga\/wp-json\/wp\/v2\/media?parent=2081"}],"curies":[{"name":"wp","href":"https:\/\/api.w.org\/{rel}","templated":true}]}}