{"id":2395,"date":"2021-09-26T12:55:03","date_gmt":"2021-09-26T11:55:03","guid":{"rendered":"http:\/\/drum.ie\/?page_id=2395"},"modified":"2025-07-27T01:34:53","modified_gmt":"2025-07-27T00:34:53","slug":"bookings","status":"publish","type":"page","link":"http:\/\/drum.ie\/ga\/ionad-pobail-an-droma\/airithinti\/","title":{"rendered":"\u00c1irithint\u00ed &#038; \u00cdoca\u00edochta\u00ed"},"content":{"rendered":"<p class=\"qtranxs-available-languages-message qtranxs-available-languages-message-ga\">N\u00edl an leathanach seo ar f\u00e1il as Gaeilge, ach t\u00e1 s\u00e9 ar f\u00e1il as <a href=\"http:\/\/drum.ie\/en\/wp-json\/wp\/v2\/pages\/2395\" class=\"qtranxs-available-language-link qtranxs-available-language-link-en\" title=\"English\">English<\/a>. For the sake of viewer convenience, the content is shown below in the alternative language. You may click the link to switch the active language.<\/p><p><script data-venue-id='drum-community-centre' id='sk-button' src='https:\/\/portal.sportskey.com\/bookNowSKv2.js'><\/script><\/p>\n<p><strong>View availability, request\/manage bookings and make payments via our online booking platform, <a href=\"https:\/\/portal.sportskey.com\/venues\/drum-community-centre\">Sportskey<\/a>. <\/strong><\/p>\n<p>All bookings are subject to approval and may require consent of the board before booking can be taken\/confirmed.<\/p>\n<p><strong>Start on time. Finish on time. Set up\/tidy up during your time. Please respect other groups.<\/strong><\/p>\n<p>Please note that all of our meeting rooms are upstairs.<\/p>\n<p><strong>Online payments can also be made <a href=\"https:\/\/buy.stripe.com\/28o8yj8oE20d2bu288\">here via Stripe<\/a>.<\/strong><\/p>\n<p><script async\n  src=\"https:\/\/js.stripe.com\/v3\/buy-button.js\">\n<\/script><\/p>\n<p><stripe-buy-button\n  buy-button-id=\"buy_btn_1RpIRZHgUQJBvFilcKhQJXcC\"\n  publishable-key=\"pk_live_HLbdYxmQRMRh9BeHXtsX5ke4\"\n><br \/>\n<\/stripe-buy-button><\/p>\n<p>Please contact us via\u00a0<a href=\"https:\/\/www.facebook.com\/Drum-Community-Centre-Ionad-Pobail-an-Droma-163702303712278\/\" target=\"_blank\" rel=\"noopener noreferrer\">Messenger<\/a>\u00a0or by\u00a0<a href=\"mailto:info@drum.ie\">email<\/a>\u00a0or text 0858712222<\/p>\n<p>&nbsp;<\/p>","protected":false},"excerpt":{"rendered":"<p>N\u00edl an leathanach seo ar f\u00e1il as Gaeilge, ach t\u00e1 s\u00e9 ar f\u00e1il as English. For the sake of viewer convenience, the content is shown below in the alternative language. You may click the link to switch the active language. View availability, request\/manage bookings and make payments via our online booking platform, Sportskey. All bookings&#8230;  <a class=\"excerpt-read-more\" href=\"http:\/\/drum.ie\/ga\/ionad-pobail-an-droma\/airithinti\/\" title=\"Read \u00c1irithint\u00ed &#038; \u00cdoca\u00edochta\u00ed\">Read more<\/a><\/p>\n","protected":false},"author":1,"featured_media":0,"parent":1919,"menu_order":0,"comment_status":"closed","ping_status":"closed","template":"","meta":{"_acf_changed":false,"_exactmetrics_skip_tracking":false,"_exactmetrics_sitenote_active":false,"_exactmetrics_sitenote_note":"","_exactmetrics_sitenote_category":0,"footnotes":""},"class_list":["post-2395","page","type-page","status-publish","hentry"],"acf":[],"_links":{"self":[{"href":"http:\/\/drum.ie\/ga\/wp-json\/wp\/v2\/pages\/2395","targetHints":{"allow":["GET"]}}],"collection":[{"href":"http:\/\/drum.ie\/ga\/wp-json\/wp\/v2\/pages"}],"about":[{"href":"http:\/\/drum.ie\/ga\/wp-json\/wp\/v2\/types\/page"}],"author":[{"embeddable":true,"href":"http:\/\/drum.ie\/ga\/wp-json\/wp\/v2\/users\/1"}],"replies":[{"embeddable":true,"href":"http:\/\/drum.ie\/ga\/wp-json\/wp\/v2\/comments?post=2395"}],"version-history":[{"count":10,"href":"http:\/\/drum.ie\/ga\/wp-json\/wp\/v2\/pages\/2395\/revisions"}],"predecessor-version":[{"id":2489,"href":"http:\/\/drum.ie\/ga\/wp-json\/wp\/v2\/pages\/2395\/revisions\/2489"}],"up":[{"embeddable":true,"href":"http:\/\/drum.ie\/ga\/wp-json\/wp\/v2\/pages\/1919"}],"wp:attachment":[{"href":"http:\/\/drum.ie\/ga\/wp-json\/wp\/v2\/media?parent=2395"}],"curies":[{"name":"wp","href":"https:\/\/api.w.org\/{rel}","templated":true}]}}